{"id":428,"date":"2023-03-02T14:21:43","date_gmt":"2023-03-02T14:21:43","guid":{"rendered":"https:\/\/tshop.organiksolar.com\/?page_id=428"},"modified":"2023-03-02T14:24:42","modified_gmt":"2023-03-02T14:24:42","slug":"blog-2","status":"publish","type":"page","link":"https:\/\/tshop.organiksolar.com\/tr\/blog-2\/","title":{"rendered":"Blog"},"content":{"rendered":"<figure class=\"wp-block-image size-large is-resized\"><img loading=\"lazy\" decoding=\"async\" src=\"https:\/\/tshop.organiksolar.com\/wp-content\/uploads\/2023\/03\/gunes-enerji-sistemleri-1587718247-1-1024x691.png\" alt=\"\" class=\"wp-image-443\" width=\"816\" height=\"550\" srcset=\"https:\/\/tshop.organiksolar.com\/wp-content\/uploads\/2023\/03\/gunes-enerji-sistemleri-1587718247-1-1024x691.png 1024w, https:\/\/tshop.organiksolar.com\/wp-content\/uploads\/2023\/03\/gunes-enerji-sistemleri-1587718247-1-300x202.png 300w, https:\/\/tshop.organiksolar.com\/wp-content\/uploads\/2023\/03\/gunes-enerji-sistemleri-1587718247-1-768x518.png 768w, https:\/\/tshop.organiksolar.com\/wp-content\/uploads\/2023\/03\/gunes-enerji-sistemleri-1587718247-1-18x12.png 18w, https:\/\/tshop.organiksolar.com\/wp-content\/uploads\/2023\/03\/gunes-enerji-sistemleri-1587718247-1-600x405.png 600w, https:\/\/tshop.organiksolar.com\/wp-content\/uploads\/2023\/03\/gunes-enerji-sistemleri-1587718247-1.png 1049w\" sizes=\"auto, (max-width: 816px) 100vw, 816px\" \/><figcaption class=\"wp-element-caption\"><br>02.03.2023<br><strong>G\u00fcne\u015f Enerji Sistemleri<\/strong><br><br><strong>Solar Sistem Nedir?<\/strong><br>Solar sistemler g\u00fcne\u015f enerji panelleri ve gerekli reg\u00fclasyon s\u00fcre\u00e7lerinden ge\u00e7irilmek kayd\u0131 ile g\u00fcne\u015f enerjisinin elektrik enerjisine \u00e7evrilerek kullan\u0131ma haz\u0131r hale getirildi\u011fi sistemlerdir. Solar sistemler \u015febek ve di\u011fer enerji kaynaklar\u0131 ile destekli (On-grid) veya \u015febekeden ba\u011f\u0131ms\u0131z \u00e7al\u0131\u015fan sistemler (Off-grid) olarak 2 ana kategoriye ayr\u0131lmaktad\u0131r.<br>Bir solar sistemin i\u00e7eri\u011fi 4 ana ba\u015fl\u0131kta toplanabilir: G\u00fcne\u015f Paneli, \u015earj Kontrol Cihaz\u0131, Ak\u00fc (Batarya) ve Y\u00fck. Solar sistemler \u015febeke ve di\u011fer enerji kaynaklar\u0131 destekli (On-grid) veya \u015febekeden ba\u011f\u0131ms\u0131z \u00e7al\u0131\u015fan sistemler (Off-grid) olarak iki k\u0131s\u0131mda incelenebilir.<br>Bir solar sistemin hesab\u0131 yap\u0131l\u0131rken nelere dikkat edilmelidir?<br><strong>-><\/strong>\u00d6ncelikle sistemin toplam t\u00fcketimi hesaplanmal\u0131d\u0131r. Burada dikkat edilmesi gereken toplam t\u00fcketimin zamana g\u00f6re de\u011fi\u015fimi, mevsimsel ge\u00e7i\u015fler gibi etmenler de hesaba kat\u0131lmal\u0131d\u0131r.<br><strong>-><\/strong>Sistemin zamana ba\u011fl\u0131 t\u00fcketim hesab\u0131 yap\u0131ld\u0131ktan sonra bu sistemin hi\u00e7 \u015farj edilmeden \u00e7al\u0131\u015fmas\u0131 gereken minimum s\u00fcreye ba\u011fl\u0131 olarak sistemde kullan\u0131lmas\u0131 gereken ak\u00fcn\u00fcn minimum de\u011ferleri hesaplanmal\u0131d\u0131r.<br><strong>-><\/strong>On-grid sistemlerde sistemi destekleyecek \u015febeke veya harici enerji kaynaklar\u0131n\u0131n zamana ba\u011fl\u0131 sistemi destekleyece\u011fi ve\/veya \u00e7al\u0131\u015ft\u0131raca\u011f\u0131 minimum s\u00fcreler de hesaba kat\u0131lmal\u0131d\u0131r.<br><strong>-><\/strong>Sistemin kullan\u0131laca\u011f\u0131 b\u00f6lgenin ortalama g\u00fcne\u015f al\u0131m s\u00fcreleri hesaba kat\u0131lmak ko\u015fuluyla hesaplanan de\u011fere g\u00f6re se\u00e7ilen ak\u00fcde yap\u0131lacak \u015farj\/de\u015farj oranlar\u0131 ve \u015farj s\u00fcreleri de dikkate al\u0131narak kullan\u0131lacak g\u00fcne\u015f paneli modeli ve de\u011ferleri hesaplanmal\u0131d\u0131r.<\/figcaption><\/figure>","protected":false},"excerpt":{"rendered":"","protected":false},"author":1,"featured_media":0,"parent":0,"menu_order":0,"comment_status":"closed","ping_status":"closed","template":"","meta":{"footnotes":""},"class_list":["post-428","page","type-page","status-publish","hentry"],"_links":{"self":[{"href":"https:\/\/tshop.organiksolar.com\/tr\/wp-json\/wp\/v2\/pages\/428","targetHints":{"allow":["GET"]}}],"collection":[{"href":"https:\/\/tshop.organiksolar.com\/tr\/wp-json\/wp\/v2\/pages"}],"about":[{"href":"https:\/\/tshop.organiksolar.com\/tr\/wp-json\/wp\/v2\/types\/page"}],"author":[{"embeddable":true,"href":"https:\/\/tshop.organiksolar.com\/tr\/wp-json\/wp\/v2\/users\/1"}],"replies":[{"embeddable":true,"href":"https:\/\/tshop.organiksolar.com\/tr\/wp-json\/wp\/v2\/comments?post=428"}],"version-history":[{"count":3,"href":"https:\/\/tshop.organiksolar.com\/tr\/wp-json\/wp\/v2\/pages\/428\/revisions"}],"predecessor-version":[{"id":449,"href":"https:\/\/tshop.organiksolar.com\/tr\/wp-json\/wp\/v2\/pages\/428\/revisions\/449"}],"wp:attachment":[{"href":"https:\/\/tshop.organiksolar.com\/tr\/wp-json\/wp\/v2\/media?parent=428"}],"curies":[{"name":"wp","href":"https:\/\/api.w.org\/{rel}","templated":true}]}}