{"id":155,"date":"2019-03-21T09:15:43","date_gmt":"2019-03-21T09:15:43","guid":{"rendered":"https:\/\/demo.themefreesia.com\/shoppingcart\/?post_type=product&#038;p=155"},"modified":"2023-03-02T13:48:14","modified_gmt":"2023-03-02T13:48:14","slug":"baby-trolley","status":"publish","type":"product","link":"https:\/\/tshop.organiksolar.com\/tr\/urun\/baby-trolley\/","title":{"rendered":"3 KW EV G\u00dcNE\u015e ENERJ\u0130S\u0130 ELEKTR\u0130K \u00dcRET\u0130M\u0130"},"content":{"rendered":"<pre><strong style=\"font-weight: 400;\">3 KW EV G\u00dcNE\u015e ENERJ\u0130S\u0130 ELEKTR\u0130K \u00dcRET\u0130M\u0130 F\u0130YATI<\/strong><strong style=\"font-weight: 400;\"> ( AYLIK ELEKTR\u0130K T\u00dcKET\u0130M\u0130 400 KWH OLAN YERLER \u0130\u00c7\u0130N UYGUNDUR )\u00a0<\/strong><\/pre>\n<h4><\/h4>\n<p><strong style=\"font-weight: 400;\">3 kW Solar \u00c7at\u0131 G\u00fcne\u015f Enerjisi Elektrik \u00dcretim Sistemi i\u00e7in Kullan\u0131lmas\u0131 Gereken \u00dcr\u00fcnler Nelerdir?<\/strong><\/p>\n<p>3 kw\u00a0<u><a href=\"https:\/\/satis.powerenerji.com\/cati-uzeri-gunes-enerji-santrali-elektrik-uretimi\">g\u00fcne\u015f enerjisi elektrik \u00fcretim sistemleri<\/a><\/u>\u00a0i\u00e7in\u00a0<a href=\"https:\/\/satis.powerenerji.com\/Gunes-Panelleri-Fiyatlari\">G\u00fcne\u015f Paneli<\/a>, \u015eebeke uyumlu\u00a0<u><a href=\"https:\/\/satis.powerenerji.com\/inverter-Fiyatlari\/on-grid-inverter-fiyatlari\">On grid inverter<\/a><\/u>,\u00a0<u>enerji \u00fcretimi<\/u>\u00a0takip sistemi ve gereken di\u011fer \u00fcr\u00fcnler a\u015fa\u011f\u0131da listelenmi\u015ftir.<\/p>\n<table>\n<tbody>\n<tr>\n<td colspan=\"3\">PROJE \u0130\u00c7ER\u0130\u011e\u0130<\/td>\n<\/tr>\n<tr>\n<td>\u00a0455 Watt Half Cut Lexron Monokristal\u00a0G\u00fcne\u015f Paneli<\/td>\n<td>8<\/td>\n<td>\u00a0 Adet<\/td>\n<\/tr>\n<tr>\n<td>Deye 3 KW On Grid \u0130nverter &#8211; Monofaze<\/td>\n<td>1<\/td>\n<td>\u00a0 Adet<\/td>\n<\/tr>\n<tr>\n<td>Kontrol ve \u0130zleme Sistemi ( Scada )<\/td>\n<td>1<\/td>\n<td>\u00a0 Adet<\/td>\n<\/tr>\n<tr>\n<td>Sabit Montaj Yap\u0131s\u0131<\/td>\n<td>&#8211;<\/td>\n<td>\u00a0 Set<\/td>\n<\/tr>\n<tr>\n<td>DC Kablolama<\/td>\n<td>30<\/td>\n<td>Metre<\/td>\n<\/tr>\n<tr>\n<td>Toplama Panosu<\/td>\n<td>1<\/td>\n<td>\u00a0 Set<\/td>\n<\/tr>\n<tr>\n<td>\u0130\u015f\u00e7ilik<\/td>\n<td>&#8211;<\/td>\n<td>\u00a0 Set<\/td>\n<\/tr>\n<tr>\n<td>AC Kablolama<\/td>\n<td>10<\/td>\n<td>Metre<\/td>\n<\/tr>\n<\/tbody>\n<\/table>\n<p><strong style=\"font-weight: 400;\">\u00a0Dc \u00dcretim: 3.6 kw<\/strong><\/p>","protected":false},"excerpt":{"rendered":"<h6>\u00c7ATI \u00dcST\u00dc G\u00dcNE\u015e ENERJ\u0130S\u0130 ELEKTR\u0130K \u00dcRET\u0130M\u0130 S\u0130STEMLER\u0130 (ON GR\u0130D &#8211; \u015eEBEKE UYUMLU )<\/h6>","protected":false},"featured_media":317,"comment_status":"open","ping_status":"closed","template":"","meta":[],"product_cat":[29],"product_tag":[62,61,60],"class_list":["post-155","product","type-product","status-publish","has-post-thumbnail","hentry","product_cat-solar-cati-sistemleri","product_tag-elektrik-uretimi","product_tag-gunes-enerji","product_tag-solar-cati"],"_links":{"self":[{"href":"https:\/\/tshop.organiksolar.com\/tr\/wp-json\/wp\/v2\/product\/155","targetHints":{"allow":["GET"]}}],"collection":[{"href":"https:\/\/tshop.organiksolar.com\/tr\/wp-json\/wp\/v2\/product"}],"about":[{"href":"https:\/\/tshop.organiksolar.com\/tr\/wp-json\/wp\/v2\/types\/product"}],"replies":[{"embeddable":true,"href":"https:\/\/tshop.organiksolar.com\/tr\/wp-json\/wp\/v2\/comments?post=155"}],"wp:featuredmedia":[{"embeddable":true,"href":"https:\/\/tshop.organiksolar.com\/tr\/wp-json\/wp\/v2\/media\/317"}],"wp:attachment":[{"href":"https:\/\/tshop.organiksolar.com\/tr\/wp-json\/wp\/v2\/media?parent=155"}],"wp:term":[{"taxonomy":"product_cat","embeddable":true,"href":"https:\/\/tshop.organiksolar.com\/tr\/wp-json\/wp\/v2\/product_cat?post=155"},{"taxonomy":"product_tag","embeddable":true,"href":"https:\/\/tshop.organiksolar.com\/tr\/wp-json\/wp\/v2\/product_tag?post=155"}],"curies":[{"name":"wp","href":"https:\/\/api.w.org\/{rel}","templated":true}]}}