{"id":156,"date":"2019-03-21T09:17:37","date_gmt":"2019-03-21T09:17:37","guid":{"rendered":"https:\/\/demo.themefreesia.com\/shoppingcart\/?post_type=product&#038;p=156"},"modified":"2023-02-28T14:35:29","modified_gmt":"2023-02-28T14:35:29","slug":"patek-eleven","status":"publish","type":"product","link":"https:\/\/tshop.organiksolar.com\/tr\/urun\/patek-eleven\/","title":{"rendered":"340 Watt Perc Monokristal (Y\u00fcksek Verimli) G\u00fcne\u015f Paneli"},"content":{"rendered":"<table border=\"0\" width=\"400\" cellspacing=\"0\" cellpadding=\"0\">\n<tbody>\n<tr>\n<td class=\"xl66\" width=\"204\" height=\"20\">\n<h3>\u00dcr\u00fcn Kodu<\/h3>\n<\/td>\n<td class=\"xl66\" width=\"14\">\n<h3>:<\/h3>\n<\/td>\n<td class=\"xl66\" width=\"182\">\n<h3>LXR-340M<\/h3>\n<\/td>\n<\/tr>\n<tr>\n<td class=\"xl66\" width=\"204\" height=\"20\">\n<h3>Marka<\/h3>\n<\/td>\n<td class=\"xl66\" width=\"14\">\n<h3>:<\/h3>\n<\/td>\n<td class=\"xl66\" width=\"182\">\n<h3>LEXRON<\/h3>\n<\/td>\n<\/tr>\n<tr>\n<td class=\"xl67\" width=\"204\" height=\"20\">\n<h3>Sertifikalar<\/h3>\n<\/td>\n<td class=\"xl67\" width=\"14\">\n<h3>:<\/h3>\n<\/td>\n<td class=\"xl67\" width=\"182\">\n<h3>CE, IEC<\/h3>\n<\/td>\n<\/tr>\n<tr>\n<td class=\"xl66\" width=\"204\" height=\"20\">\n<h3>Elektriksel \u00d6zellikler<\/h3>\n<\/td>\n<td class=\"xl66\" width=\"14\">\n<h3><\/h3>\n<\/td>\n<td class=\"xl66\" width=\"182\">\n<h3><\/h3>\n<\/td>\n<\/tr>\n<tr>\n<td class=\"xl67\" width=\"204\" height=\"20\">\n<h3>G\u00fc\u00e7<\/h3>\n<\/td>\n<td class=\"xl67\" width=\"14\">\n<h3>:<\/h3>\n<\/td>\n<td class=\"xl67\" width=\"182\">\n<h3>340W<\/h3>\n<\/td>\n<\/tr>\n<tr>\n<td class=\"xl67\" width=\"204\" height=\"20\">\n<h3>H\u00fccre Say\u0131s\u0131<\/h3>\n<\/td>\n<td class=\"xl67\" width=\"14\">\n<h3>:<\/h3>\n<\/td>\n<td class=\"xl67\" width=\"182\">\n<h3>60<\/h3>\n<\/td>\n<\/tr>\n<tr>\n<td class=\"xl67\" width=\"204\" height=\"20\">\n<h3>A\u00e7\u0131k Devre Voltaj\u0131 (Voc)<\/h3>\n<\/td>\n<td class=\"xl67\" width=\"14\">\n<h3>:<\/h3>\n<\/td>\n<td class=\"xl65\">\n<h3>39,68V<\/h3>\n<\/td>\n<\/tr>\n<tr>\n<td class=\"xl67\" width=\"204\" height=\"20\">\n<h3>Maks. Voltaj (Vmp)<\/h3>\n<\/td>\n<td class=\"xl67\" width=\"14\">\n<h3>:<\/h3>\n<\/td>\n<td class=\"xl65\">\n<h3>34,50V<\/h3>\n<\/td>\n<\/tr>\n<tr>\n<td class=\"xl67\" width=\"204\" height=\"20\">\n<h3>K\u0131sa Devre Ak\u0131m\u0131 (Isc)<\/h3>\n<\/td>\n<td class=\"xl67\" width=\"14\">\n<h3>:<\/h3>\n<\/td>\n<td class=\"xl65\">\n<h3>9.99A<\/h3>\n<\/td>\n<\/tr>\n<tr>\n<td class=\"xl67\" width=\"204\" height=\"20\">\n<h3>Maks. Ak\u0131m (Imp)<\/h3>\n<\/td>\n<td class=\"xl67\" width=\"14\">\n<h3>:<\/h3>\n<\/td>\n<td class=\"xl65\">\n<h3>9,85A<\/h3>\n<\/td>\n<\/tr>\n<tr>\n<td class=\"xl67\" width=\"204\" height=\"20\">\n<h3>Maks. Sistem Voltaj\u0131<\/h3>\n<\/td>\n<td class=\"xl67\" width=\"14\">\n<h3>:<\/h3>\n<\/td>\n<td class=\"xl65\">\n<h3>1000V<\/h3>\n<\/td>\n<\/tr>\n<tr>\n<td class=\"xl68\" height=\"20\">\n<h3>Mekanik \u00d6zellikler<\/h3>\n<\/td>\n<td class=\"xl68\">\n<h3><\/h3>\n<\/td>\n<td class=\"xl66\" width=\"182\">\n<h3><\/h3>\n<\/td>\n<\/tr>\n<tr>\n<td class=\"xl67\" width=\"204\" height=\"20\">\n<h3>Mod\u00fcl \u00d6l\u00e7\u00fcleri (mm)<\/h3>\n<\/td>\n<td class=\"xl67\" width=\"14\">\n<h3>:<\/h3>\n<\/td>\n<td class=\"xl69\">\n<h3>1660*1001*35<\/h3>\n<\/td>\n<\/tr>\n<tr>\n<td class=\"xl67\" width=\"204\" height=\"20\">\n<h3>A\u011f\u0131rl\u0131k<\/h3>\n<\/td>\n<td class=\"xl67\" width=\"14\">\n<h3>:<\/h3>\n<\/td>\n<td class=\"xl67\" width=\"182\">\n<h3>19kg<\/h3>\n<\/td>\n<\/tr>\n<tr>\n<td class=\"xl71\" colspan=\"3\" height=\"20\">\n<h3>Standart Test Ko\u015fullar\u0131: Am=1.5 E=1000W\/m2 Tc=25\u2103<\/h3>\n<\/td>\n<\/tr>\n<\/tbody>\n<\/table>","protected":false},"excerpt":{"rendered":"<p>\u00dcr\u00fcn Kodu : LXR-340M Marka : LEXRON Sertifikalar : CE, IEC Elektriksel \u00d6zellikler G\u00fc\u00e7 : 340W H\u00fccre Say\u0131s\u0131 : 60 A\u00e7\u0131k Devre Voltaj\u0131 (Voc) : 39,68V Maks. Voltaj (Vmp) : 34,50V K\u0131sa Devre Ak\u0131m\u0131 (Isc) : 9.99A Maks. Ak\u0131m (Imp) : 9,85A Maks. Sistem Voltaj\u0131 : 1000V Mekanik \u00d6zellikler Mod\u00fcl&hellip; <\/p>","protected":false},"featured_media":302,"comment_status":"open","ping_status":"closed","template":"","meta":[],"product_cat":[33,45],"product_tag":[],"class_list":["post-156","product","type-product","status-publish","has-post-thumbnail","hentry","product_cat-monocristal-solar-panel","product_cat-sigortalar"],"_links":{"self":[{"href":"https:\/\/tshop.organiksolar.com\/tr\/wp-json\/wp\/v2\/product\/156","targetHints":{"allow":["GET"]}}],"collection":[{"href":"https:\/\/tshop.organiksolar.com\/tr\/wp-json\/wp\/v2\/product"}],"about":[{"href":"https:\/\/tshop.organiksolar.com\/tr\/wp-json\/wp\/v2\/types\/product"}],"replies":[{"embeddable":true,"href":"https:\/\/tshop.organiksolar.com\/tr\/wp-json\/wp\/v2\/comments?post=156"}],"wp:featuredmedia":[{"embeddable":true,"href":"https:\/\/tshop.organiksolar.com\/tr\/wp-json\/wp\/v2\/media\/302"}],"wp:attachment":[{"href":"https:\/\/tshop.organiksolar.com\/tr\/wp-json\/wp\/v2\/media?parent=156"}],"wp:term":[{"taxonomy":"product_cat","embeddable":true,"href":"https:\/\/tshop.organiksolar.com\/tr\/wp-json\/wp\/v2\/product_cat?post=156"},{"taxonomy":"product_tag","embeddable":true,"href":"https:\/\/tshop.organiksolar.com\/tr\/wp-json\/wp\/v2\/product_tag?post=156"}],"curies":[{"name":"wp","href":"https:\/\/api.w.org\/{rel}","templated":true}]}}