{"id":158,"date":"2019-03-21T09:28:59","date_gmt":"2019-03-21T09:28:59","guid":{"rendered":"https:\/\/demo.themefreesia.com\/shoppingcart\/?post_type=product&#038;p=158"},"modified":"2023-02-28T06:54:22","modified_gmt":"2023-02-28T06:54:22","slug":"flare-skirts","status":"publish","type":"product","link":"https:\/\/tshop.organiksolar.com\/tr\/urun\/flare-skirts\/","title":{"rendered":"550 WATT LEXRON HALF CUT MONOKR\u0130STAL G\u00dcNE\u015e PANEL\u0130"},"content":{"rendered":"<table class=\"alignleft\" border=\"0\" width=\"400\" cellspacing=\"0\" cellpadding=\"0\">\n<tbody>\n<tr>\n<td class=\"xl70\" colspan=\"3\" height=\"20\">\n<table border=\"0\" width=\"400\" cellspacing=\"0\" cellpadding=\"0\">\n<tbody>\n<tr>\n<td class=\"xl66\" width=\"204\" height=\"20\">\n<h3>\u00dcr\u00fcn Tan\u0131m\u0131<\/h3>\n<\/td>\n<td class=\"xl66\" width=\"14\">\n<h3><\/h3>\n<\/td>\n<td class=\"xl66\" width=\"182\">\n<h3>HALF CUT 550W MONOKRISTAL<\/h3>\n<\/td>\n<\/tr>\n<tr>\n<td class=\"xl66\" width=\"204\" height=\"20\">\n<h3>\u00dcr\u00fcn Kodu<\/h3>\n<\/td>\n<td class=\"xl66\" width=\"14\">\n<h3>:<\/h3>\n<\/td>\n<td class=\"xl66\" width=\"182\">\n<h3>LXR-550M<\/h3>\n<\/td>\n<\/tr>\n<tr>\n<td class=\"xl66\" width=\"204\" height=\"20\">\n<h3>Marka<\/h3>\n<\/td>\n<td class=\"xl66\" width=\"14\">\n<h3>:<\/h3>\n<\/td>\n<td class=\"xl66\" width=\"182\">\n<h3>LEXRON<\/h3>\n<\/td>\n<\/tr>\n<tr>\n<td class=\"xl67\" width=\"204\" height=\"20\">\n<h3>Sertifikalar<\/h3>\n<\/td>\n<td class=\"xl67\" width=\"14\">\n<h3>:<\/h3>\n<\/td>\n<td class=\"xl67\" width=\"182\">\n<h3>CE, IEC<\/h3>\n<\/td>\n<\/tr>\n<tr>\n<td class=\"xl66\" width=\"204\" height=\"20\">\n<h3>Elektriksel \u00d6zellikler<\/h3>\n<\/td>\n<td class=\"xl66\" width=\"14\">\n<h3><\/h3>\n<\/td>\n<td class=\"xl66\" width=\"182\">\n<h3><\/h3>\n<\/td>\n<\/tr>\n<tr>\n<td class=\"xl67\" width=\"204\" height=\"20\">\n<h3>G\u00fc\u00e7<\/h3>\n<\/td>\n<td class=\"xl67\" width=\"14\">\n<h3>:<\/h3>\n<\/td>\n<td class=\"xl67\" width=\"182\">\n<h3>550W<\/h3>\n<\/td>\n<\/tr>\n<tr>\n<td class=\"xl67\" width=\"204\" height=\"20\">\n<h3>H\u00fccre Say\u0131s\u0131<\/h3>\n<\/td>\n<td class=\"xl67\" width=\"14\">\n<h3>:<\/h3>\n<\/td>\n<td class=\"xl67\" width=\"182\">\n<h3>144<\/h3>\n<\/td>\n<\/tr>\n<tr>\n<td class=\"xl67\" width=\"204\" height=\"20\">\n<h3>A\u00e7\u0131k Devre Voltaj\u0131 (Voc)<\/h3>\n<\/td>\n<td class=\"xl67\" width=\"14\">\n<h3>:<\/h3>\n<\/td>\n<td class=\"xl65\">\n<h3>50,35V<\/h3>\n<\/td>\n<\/tr>\n<tr>\n<td class=\"xl67\" width=\"204\" height=\"20\">\n<h3>Maks. Voltaj (Vmp)<\/h3>\n<\/td>\n<td class=\"xl67\" width=\"14\">\n<h3>:<\/h3>\n<\/td>\n<td class=\"xl65\">\n<h3>41,96V<\/h3>\n<\/td>\n<\/tr>\n<tr>\n<td class=\"xl67\" width=\"204\" height=\"20\">\n<h3>K\u0131sa Devre Ak\u0131m\u0131 (Isc)<\/h3>\n<\/td>\n<td class=\"xl67\" width=\"14\">\n<h3>:<\/h3>\n<\/td>\n<td class=\"xl65\">\n<h3>13,83A<\/h3>\n<\/td>\n<\/tr>\n<tr>\n<td class=\"xl67\" width=\"204\" height=\"20\">\n<h3>Maks. Ak\u0131m (Imp)<\/h3>\n<\/td>\n<td class=\"xl67\" width=\"14\">\n<h3>:<\/h3>\n<\/td>\n<td class=\"xl65\">\n<h3>13,11A<\/h3>\n<\/td>\n<\/tr>\n<tr>\n<td class=\"xl67\" width=\"204\" height=\"20\">\n<h3>Maks. Sistem Voltaj\u0131<\/h3>\n<\/td>\n<td class=\"xl67\" width=\"14\">\n<h3>:<\/h3>\n<\/td>\n<td class=\"xl65\">\n<h3>1500V<\/h3>\n<\/td>\n<\/tr>\n<tr>\n<td class=\"xl68\" height=\"20\">\n<h3>Mekanik \u00d6zellikler<\/h3>\n<\/td>\n<td class=\"xl68\">\n<h3><\/h3>\n<\/td>\n<td class=\"xl66\" width=\"182\">\n<h3><\/h3>\n<\/td>\n<\/tr>\n<tr>\n<td class=\"xl67\" width=\"204\" height=\"20\">\n<h3>Mod\u00fcl \u00d6l\u00e7\u00fcleri (mm)<\/h3>\n<\/td>\n<td class=\"xl67\" width=\"14\">\n<h3>:<\/h3>\n<\/td>\n<td class=\"xl69\">\n<h3>2279\u00d71134\u00d735 mm<\/h3>\n<\/td>\n<\/tr>\n<tr>\n<td class=\"xl67\" width=\"204\" height=\"20\">\n<h3>A\u011f\u0131rl\u0131k<\/h3>\n<\/td>\n<td class=\"xl67\" width=\"14\">\n<h3>:<\/h3>\n<\/td>\n<td class=\"xl67\" width=\"182\">\n<h3>28kg<\/h3>\n<\/td>\n<\/tr>\n<tr>\n<td class=\"xl70\" colspan=\"3\" height=\"20\">\n<h3>Standart Test Ko\u015fullar\u0131: Am=1.5 E=1000W\/m2 Tc=25\u2103<\/h3>\n<\/td>\n<\/tr>\n<\/tbody>\n<\/table>\n<\/td>\n<\/tr>\n<\/tbody>\n<\/table>\n<h3 style=\"text-align: left;\">&#8211; Boyu 228 cm<\/h3>\n<h3 style=\"text-align: left;\">&#8211; Eni 113 cm<\/h3>\n<h3 style=\"text-align: left;\">&#8211; Geni\u015flik 3.5 cm<\/h3>","protected":false},"excerpt":{"rendered":"<p>\u00dcr\u00fcn Tan\u0131m\u0131 HALF CUT 550W MONOKRISTAL \u00dcr\u00fcn Kodu : LXR-550M Marka : LEXRON Sertifikalar : CE, IEC Elektriksel \u00d6zellikler G\u00fc\u00e7 : 550W H\u00fccre Say\u0131s\u0131 : 144 A\u00e7\u0131k Devre Voltaj\u0131 (Voc) : 50,35V Maks. Voltaj (Vmp) : 41,96V K\u0131sa Devre Ak\u0131m\u0131 (Isc) : 13,83A Maks. Ak\u0131m (Imp) : 13,11A Maks. Sistem&hellip; <\/p>","protected":false},"featured_media":302,"comment_status":"open","ping_status":"closed","template":"","meta":[],"product_cat":[39,45],"product_tag":[],"class_list":["post-158","product","type-product","status-publish","has-post-thumbnail","hentry","product_cat-akuler","product_cat-sigortalar"],"_links":{"self":[{"href":"https:\/\/tshop.organiksolar.com\/tr\/wp-json\/wp\/v2\/product\/158","targetHints":{"allow":["GET"]}}],"collection":[{"href":"https:\/\/tshop.organiksolar.com\/tr\/wp-json\/wp\/v2\/product"}],"about":[{"href":"https:\/\/tshop.organiksolar.com\/tr\/wp-json\/wp\/v2\/types\/product"}],"replies":[{"embeddable":true,"href":"https:\/\/tshop.organiksolar.com\/tr\/wp-json\/wp\/v2\/comments?post=158"}],"wp:featuredmedia":[{"embeddable":true,"href":"https:\/\/tshop.organiksolar.com\/tr\/wp-json\/wp\/v2\/media\/302"}],"wp:attachment":[{"href":"https:\/\/tshop.organiksolar.com\/tr\/wp-json\/wp\/v2\/media?parent=158"}],"wp:term":[{"taxonomy":"product_cat","embeddable":true,"href":"https:\/\/tshop.organiksolar.com\/tr\/wp-json\/wp\/v2\/product_cat?post=158"},{"taxonomy":"product_tag","embeddable":true,"href":"https:\/\/tshop.organiksolar.com\/tr\/wp-json\/wp\/v2\/product_tag?post=158"}],"curies":[{"name":"wp","href":"https:\/\/api.w.org\/{rel}","templated":true}]}}