{"id":96,"date":"2019-03-19T11:21:12","date_gmt":"2019-03-19T11:21:12","guid":{"rendered":"https:\/\/demo.themefreesia.com\/shoppingcart\/?post_type=product&#038;p=96"},"modified":"2023-03-01T12:58:54","modified_gmt":"2023-03-01T12:58:54","slug":"accessories","status":"publish","type":"product","link":"https:\/\/tshop.organiksolar.com\/tr\/urun\/accessories\/","title":{"rendered":"Accessories"},"content":{"rendered":"<p style=\"text-align: center;\">\u00a0G\u00fcne\u015f Enerjili Sulama Sistemi nedir? G\u00fcne\u015f enerjili sulama sistemleri, yenilenebilir enerji kaynaklar\u0131 ndan biri olan\u00a0<a href=\"https:\/\/satis.powerenerji.com\/cati-uzeri-gunes-enerji-santrali-elektrik-uretimi\" target=\"_blank\" rel=\"noopener\">g\u00fcne\u015f enerjisi<\/a>\u00a0elektrik \u00fcretim sistemleri\u00a0<a href=\"https:\/\/satis.powerenerji.com\/Gunes-Panelleri-Fiyatlari\" target=\"_blank\" rel=\"noopener\">G\u00fcne\u015f paneli\u00a0<\/a>ile \u00fcretilen elektrikle sulama pompalar\u0131n\u0131 \u00e7al\u0131\u015ft\u0131rmay\u0131 ve bu sayede tar\u0131msal ama\u00e7l\u0131 sulama yap\u0131lmas\u0131n\u0131 ifade eder<\/p>","protected":false},"excerpt":{"rendered":"<p>\u00a0G\u00fcne\u015f Enerjili Sulama Sistemi nedir? G\u00fcne\u015f enerjili sulama sistemleri, yenilenebilir enerji kaynaklar\u0131 ndan biri olan\u00a0g\u00fcne\u015f enerjisi\u00a0elektrik \u00fcretim sistemleri\u00a0G\u00fcne\u015f paneli\u00a0ile \u00fcretilen elektrikle sulama pompalar\u0131n\u0131 \u00e7al\u0131\u015ft\u0131rmay\u0131 ve bu sayede tar\u0131msal ama\u00e7l\u0131 sulama yap\u0131lmas\u0131n\u0131 ifade eder<\/p>","protected":false},"featured_media":318,"comment_status":"open","ping_status":"closed","template":"","meta":[],"product_cat":[43],"product_tag":[],"class_list":["post-96","product","type-product","status-publish","has-post-thumbnail","hentry","product_cat-elektrikli-cit"],"_links":{"self":[{"href":"https:\/\/tshop.organiksolar.com\/tr\/wp-json\/wp\/v2\/product\/96","targetHints":{"allow":["GET"]}}],"collection":[{"href":"https:\/\/tshop.organiksolar.com\/tr\/wp-json\/wp\/v2\/product"}],"about":[{"href":"https:\/\/tshop.organiksolar.com\/tr\/wp-json\/wp\/v2\/types\/product"}],"replies":[{"embeddable":true,"href":"https:\/\/tshop.organiksolar.com\/tr\/wp-json\/wp\/v2\/comments?post=96"}],"wp:featuredmedia":[{"embeddable":true,"href":"https:\/\/tshop.organiksolar.com\/tr\/wp-json\/wp\/v2\/media\/318"}],"wp:attachment":[{"href":"https:\/\/tshop.organiksolar.com\/tr\/wp-json\/wp\/v2\/media?parent=96"}],"wp:term":[{"taxonomy":"product_cat","embeddable":true,"href":"https:\/\/tshop.organiksolar.com\/tr\/wp-json\/wp\/v2\/product_cat?post=96"},{"taxonomy":"product_tag","embeddable":true,"href":"https:\/\/tshop.organiksolar.com\/tr\/wp-json\/wp\/v2\/product_tag?post=96"}],"curies":[{"name":"wp","href":"https:\/\/api.w.org\/{rel}","templated":true}]}}